{"id":16,"date":"2020-12-02T16:53:26","date_gmt":"2020-12-02T16:53:26","guid":{"rendered":"http:\/\/seelenlachen.com\/?page_id=16"},"modified":"2024-04-05T15:41:16","modified_gmt":"2024-04-05T15:41:16","slug":"ueber-mich","status":"publish","type":"page","link":"https:\/\/seelenlachen.com\/?page_id=16","title":{"rendered":"-\u00dcber mich-"},"content":{"rendered":"\n<div class=\"wp-container-3 wp-block-columns alignwide has-2-columns\">\n<div class=\"wp-container-1 wp-block-column\">\n<h2>Liebe Leserin,<\/h2>\n\n\n\n<p>mein Name ist Lea. <br>Ich bin fasziniert von Menschen und was man mit Liebe alles erreichen kann.<\/p>\n\n\n\n<p>Lebensfreude, Kreativit\u00e4t und Herzblut stehen bei mir an oberster Stelle und begleiten mich jeden Tag. <\/p>\n\n\n\n<blockquote class=\"wp-block-quote\"><p>Das Leben ist wundersch\u00f6n, man muss nur sein eigenes Leben!<\/p><cite>Die Quelle ist egal es geht um den Inhalt \ud83d\ude09<\/cite><\/blockquote>\n\n\n\n<p>Ich bin davon \u00fcberzeugt, dass man alles erreichen kann, was man sich w\u00fcnscht. Es bedarf lediglich an Engagement, Herzblut und Willenskraft. Oft ist es  nicht einfach, aber es lohnt sich. Denn jedes erreichte Ziel w\u00e4re nur halb so sch\u00f6n, wenn es einfach gewesen w\u00e4re es zu erreichen. Wir wachsen nur an H\u00fcrden und nicht an einfachen Wegen. <\/p>\n\n\n\n<p>Trotzdem m\u00fcssen wir uns nicht durch jede H\u00fcrde durchk\u00e4mpfen, wenn wir uns mit ein wenig Geschick und dem richtigen Hilfsmittel weiterhelfen k\u00f6nnen. Schlie\u00dflich m\u00fcssen wir nicht in jedem Kapitel die gleichen Fehler wiederholen&#8230; <\/p>\n\n\n\n<p><strong>Ich zeige Dir, wie Du ausgeglichen und gl\u00fccklich Dein Leben gestalten und Deine Ziele erreichen kannst.<\/strong><\/p>\n\n\n\n<p>Ein paar Jahre arbeite ich nun schon an meiner pers\u00f6nlichen Entwicklung und habe im Laufe der Zeit gelernt welche Hilfsmittel meinen Lernprozess unterst\u00fctzen. Diese Hilfsmittel teile ich hier mit Dir. <\/p>\n\n\n\n<p>Jeder von uns braucht einen Ausgleich zum Alltag. Eine Energiequelle um sich zu st\u00e4rken und den Herausforderungen des Lebens standzuhalten. Meine Energiequelle und mein Ausgleich ist das Reiki.<\/p>\n\n\n\n<p>Aber nicht nur das, mich kreativ auszuleben und meine F\u00e4higkeiten auszubauen, fordert mich heraus und erdet mich gleichzeitig. <\/p>\n\n\n\n<p>Ich habe gelernt Situationen anzunehmen, das Beste aus allem zu machen und Ereignisse irgendwie f\u00fcr mich zu nutzen. <\/p>\n\n\n\n<p>Jeden Tag mehr l\u00e4cheln als zu gr\u00fcbeln ist eines meiner t\u00e4glichen Ziele und bisher klappt das ganz gut! Ich bin davon \u00fcberzeugt, dass ich mit Lebensfreude alles nur denkbare erreichen kann und teile in diesem Blog meine Gedanken mit Dir.<br>Du wirst also meine Lernprozesse \u00fcber Organisation, Pers\u00f6nlichkeitsentwicklung, Minimalismus und Seelen-Pflege lesen. Au\u00dferdem teile ich mit Dir meine Gedanken und Erfahrungen mit Reiki und Geistheilung.<br>Der Sinn des Lebens, Meditation und Yoga finden ebenfalls einen Platz hier. <\/p>\n\n\n\n<p>Und wenn Du m\u00f6chtest begleite ich auch Dich auf die Eine oder Andere Weise mit Reiki. Egal ob eine einzelne Sitzung oder eine Reiki-Einweihung ich freue mich von Herzen mit Dir zu arbeiten und Dich zu unterst\u00fctzen.<br><br>Ich w\u00fcnsche Dir viel Spa\u00df!<\/p>\n\n\n\n<h3>                         Deine Lea<\/h3>\n<\/div>\n\n\n\n<div class=\"wp-container-2 wp-block-column\">\n<div class=\"wp-block-media-text alignwide has-media-on-the-right is-stacked-on-mobile is-vertically-aligned-center\" style=\"grid-template-columns:auto 56%\"><figure class=\"wp-block-media-text__media\"><img loading=\"lazy\" width=\"768\" height=\"1024\" src=\"https:\/\/seelenlachen.com\/wp-content\/uploads\/2023\/11\/IMG_2733-768x1024.jpg\" alt=\"\" class=\"wp-image-968 size-full\" srcset=\"https:\/\/seelenlachen.com\/wp-content\/uploads\/2023\/11\/IMG_2733-768x1024.jpg 768w, https:\/\/seelenlachen.com\/wp-content\/uploads\/2023\/11\/IMG_2733-225x300.jpg 225w, https:\/\/seelenlachen.com\/wp-content\/uploads\/2023\/11\/IMG_2733-1152x1536.jpg 1152w, https:\/\/seelenlachen.com\/wp-content\/uploads\/2023\/11\/IMG_2733-1536x2048.jpg 1536w, https:\/\/seelenlachen.com\/wp-content\/uploads\/2023\/11\/IMG_2733-scaled.jpg 1920w\" sizes=\"(max-width: 768px) 100vw, 768px\" \/><\/figure><div class=\"wp-block-media-text__content\">\n<p><em><strong>Du brauchst Mut, um Dich in Deine Geschichte zu werfen&#8230;<\/strong><\/em><\/p>\n<\/div><\/div>\n\n\n\n<h2 class=\"has-text-align-right\" id=\"mce_9\">Schreibe mir!<\/h2>\n\n\n\n<p class=\"has-text-align-right\">Email: lea@seelenlachen.com<\/p>\n<\/div>\n<\/div>\n","protected":false},"excerpt":{"rendered":"<p>Liebe Leserin, mein Name ist Lea. Ich bin fasziniert von Menschen und was man mit Liebe alles erreichen kann. Lebensfreude, Kreativit\u00e4t und Herzblut stehen bei mir an oberster Stelle und begleiten mich jeden Tag. Das Leben ist wundersch\u00f6n, man muss nur sein eigenes Leben! Die Quelle ist egal es geht um den Inhalt \ud83d\ude09 Ich [&hellip;]<\/p>\n","protected":false},"author":1,"featured_media":174,"parent":0,"menu_order":0,"comment_status":"closed","ping_status":"closed","template":"","meta":{"_genesis_hide_title":false,"_genesis_hide_breadcrumbs":false,"_genesis_hide_singular_image":false,"_genesis_hide_footer_widgets":false,"_genesis_custom_body_class":"","_genesis_custom_post_class":"","_genesis_layout":"full-width-content"},"yoast_head":"<!-- This site is optimized with the Yoast SEO plugin v16.1.1 - https:\/\/yoast.com\/wordpress\/plugins\/seo\/ -->\n<title>-\u00dcber mich- Seelenlachen<\/title>\n<meta name=\"description\" content=\"mein Name ist Lea. Ich bin fasziniert von Menschen und was man mit Willenskraft alles erreichen kann.\" \/>\n<link rel=\"canonical\" href=\"https:\/\/seelenlachen.com\/?page_id=16\" \/>\n<meta property=\"og:locale\" content=\"de_DE\" \/>\n<meta property=\"og:type\" content=\"article\" \/>\n<meta property=\"og:title\" content=\"-\u00dcber mich- Seelenlachen\" \/>\n<meta property=\"og:description\" content=\"mein Name ist Lea. Ich bin fasziniert von Menschen und was man mit Willenskraft alles erreichen kann.\" \/>\n<meta property=\"og:url\" content=\"https:\/\/seelenlachen.com\/?page_id=16\" \/>\n<meta property=\"og:site_name\" content=\"Seelenlachen\" \/>\n<meta property=\"article:modified_time\" content=\"2024-04-05T15:41:16+00:00\" \/>\n<meta property=\"og:image\" content=\"https:\/\/seelenlachen.com\/wp-content\/uploads\/2020\/12\/Seelenlachen-Titelbild.jpg\" \/>\n\t<meta property=\"og:image:width\" content=\"1600\" \/>\n\t<meta property=\"og:image:height\" content=\"800\" \/>\n<meta name=\"twitter:card\" content=\"summary_large_image\" \/>\n<meta name=\"twitter:label1\" content=\"Gesch\u00e4tzte Lesezeit\">\n\t<meta name=\"twitter:data1\" content=\"2\u00a0Minuten\">\n<script type=\"application\/ld+json\" class=\"yoast-schema-graph\">{\"@context\":\"https:\/\/schema.org\",\"@graph\":[{\"@type\":\"WebSite\",\"@id\":\"https:\/\/seelenlachen.com\/#website\",\"url\":\"https:\/\/seelenlachen.com\/\",\"name\":\"Seelenlachen\",\"description\":\"Lea&#039;s Blog\",\"potentialAction\":[{\"@type\":\"SearchAction\",\"target\":\"https:\/\/seelenlachen.com\/?s={search_term_string}\",\"query-input\":\"required name=search_term_string\"}],\"inLanguage\":\"de\"},{\"@type\":\"ImageObject\",\"@id\":\"https:\/\/seelenlachen.com\/?page_id=16#primaryimage\",\"inLanguage\":\"de\",\"url\":\"https:\/\/seelenlachen.com\/wp-content\/uploads\/2020\/12\/Seelenlachen-Titelbild.jpg\",\"contentUrl\":\"https:\/\/seelenlachen.com\/wp-content\/uploads\/2020\/12\/Seelenlachen-Titelbild.jpg\",\"width\":1600,\"height\":800},{\"@type\":\"WebPage\",\"@id\":\"https:\/\/seelenlachen.com\/?page_id=16#webpage\",\"url\":\"https:\/\/seelenlachen.com\/?page_id=16\",\"name\":\"-\\u00dcber mich- Seelenlachen\",\"isPartOf\":{\"@id\":\"https:\/\/seelenlachen.com\/#website\"},\"primaryImageOfPage\":{\"@id\":\"https:\/\/seelenlachen.com\/?page_id=16#primaryimage\"},\"datePublished\":\"2020-12-02T16:53:26+00:00\",\"dateModified\":\"2024-04-05T15:41:16+00:00\",\"description\":\"mein Name ist Lea. Ich bin fasziniert von Menschen und was man mit Willenskraft alles erreichen kann.\",\"breadcrumb\":{\"@id\":\"https:\/\/seelenlachen.com\/?page_id=16#breadcrumb\"},\"inLanguage\":\"de\",\"potentialAction\":[{\"@type\":\"ReadAction\",\"target\":[\"https:\/\/seelenlachen.com\/?page_id=16\"]}]},{\"@type\":\"BreadcrumbList\",\"@id\":\"https:\/\/seelenlachen.com\/?page_id=16#breadcrumb\",\"itemListElement\":[{\"@type\":\"ListItem\",\"position\":1,\"item\":{\"@type\":\"WebPage\",\"@id\":\"https:\/\/seelenlachen.com\/\",\"url\":\"https:\/\/seelenlachen.com\/\",\"name\":\"Startseite\"}},{\"@type\":\"ListItem\",\"position\":2,\"item\":{\"@type\":\"WebPage\",\"@id\":\"https:\/\/seelenlachen.com\/?page_id=16\",\"url\":\"https:\/\/seelenlachen.com\/?page_id=16\",\"name\":\"-\\u00dcber mich-\"}}]}]}<\/script>\n<!-- \/ Yoast SEO plugin. -->","featured_image_src":"https:\/\/seelenlachen.com\/wp-content\/uploads\/2020\/12\/Seelenlachen-Titelbild-600x400.jpg","featured_image_src_square":"https:\/\/seelenlachen.com\/wp-content\/uploads\/2020\/12\/Seelenlachen-Titelbild-600x600.jpg","_links":{"self":[{"href":"https:\/\/seelenlachen.com\/index.php?rest_route=\/wp\/v2\/pages\/16"}],"collection":[{"href":"https:\/\/seelenlachen.com\/index.php?rest_route=\/wp\/v2\/pages"}],"about":[{"href":"https:\/\/seelenlachen.com\/index.php?rest_route=\/wp\/v2\/types\/page"}],"author":[{"embeddable":true,"href":"https:\/\/seelenlachen.com\/index.php?rest_route=\/wp\/v2\/users\/1"}],"replies":[{"embeddable":true,"href":"https:\/\/seelenlachen.com\/index.php?rest_route=%2Fwp%2Fv2%2Fcomments&post=16"}],"version-history":[{"count":33,"href":"https:\/\/seelenlachen.com\/index.php?rest_route=\/wp\/v2\/pages\/16\/revisions"}],"predecessor-version":[{"id":972,"href":"https:\/\/seelenlachen.com\/index.php?rest_route=\/wp\/v2\/pages\/16\/revisions\/972"}],"wp:featuredmedia":[{"embeddable":true,"href":"https:\/\/seelenlachen.com\/index.php?rest_route=\/wp\/v2\/media\/174"}],"wp:attachment":[{"href":"https:\/\/seelenlachen.com\/index.php?rest_route=%2Fwp%2Fv2%2Fmedia&parent=16"}],"curies":[{"name":"wp","href":"https:\/\/api.w.org\/{rel}","templated":true}]}}