{"id":19,"date":"2020-12-02T16:53:31","date_gmt":"2020-12-02T16:53:31","guid":{"rendered":"http:\/\/seelenlachen.com\/?page_id=19"},"modified":"2024-04-05T15:45:46","modified_gmt":"2024-04-05T15:45:46","slug":"ueber-seelenlachen","status":"publish","type":"page","link":"https:\/\/seelenlachen.com\/?page_id=19","title":{"rendered":"-\u00dcber Seelenlachen-"},"content":{"rendered":"\n<div class=\"wp-container-3 wp-block-columns\">\n<div class=\"wp-container-1 wp-block-column\">\n<div style=\"height:85px\" aria-hidden=\"true\" class=\"wp-block-spacer\"><\/div>\n\n\n\n<blockquote class=\"wp-block-quote\"><p><strong>\u201eDie wahre Lebenskunst besteht darin, im Allt\u00e4glichen das Wunderbare zu sehen.\u201c<\/strong><\/p><cite>(Pearl S. Buck)<\/cite><\/blockquote>\n\n\n\n<p><\/p>\n<\/div>\n\n\n\n<div class=\"wp-container-2 wp-block-column\">\n<figure class=\"wp-block-image size-large\"><img loading=\"lazy\" width=\"768\" height=\"1024\" src=\"http:\/\/seelenlachen.com\/wp-content\/uploads\/2020\/12\/Bild_Lea_Blog-768x1024.jpg\" alt=\"\" class=\"wp-image-52\" srcset=\"https:\/\/seelenlachen.com\/wp-content\/uploads\/2020\/12\/Bild_Lea_Blog-768x1024.jpg 768w, https:\/\/seelenlachen.com\/wp-content\/uploads\/2020\/12\/Bild_Lea_Blog-225x300.jpg 225w, https:\/\/seelenlachen.com\/wp-content\/uploads\/2020\/12\/Bild_Lea_Blog.jpg 960w\" sizes=\"(max-width: 768px) 100vw, 768px\" \/><\/figure>\n<\/div>\n<\/div>\n\n\n\n<h2>Lebensfreude ohne Grenzen<\/h2>\n\n\n\n<h6><em>Alles \u00fcber lebensfreude, organisation, kreativit\u00e4t<\/em> und den sinn des lebens<\/h6>\n\n\n\n<p>Ver\u00e4nderung und Wachstum entstehen nur, durch harte Arbeit und den Willen nach der Ver\u00e4nderung. Um Ziele zu erreichen, sollten sie definiert sein. Meistens ist auch nicht schlecht einen Plan zu haben, um Ma\u00dfnahmen zur Erreichung des Ziels einzuleiten und umzusetzen. <\/p>\n\n\n\n<p>Weil ich mich in meinem Leben haupts\u00e4chlich mit MEINEN Problemen und somit gelernt habe, speziell mit den Problemen einer Frau umzugehen, richtet sich dieser Blog gezielt an Frauen. Durch den Zyklus, den wir stetig durchleben, wird unser Streben immer wieder durcheinander geworfen. (Unter anderem findest Du hier Tipps damit umzugehen.) Frauen sind anders als M\u00e4nner und das ist absolut okay!<\/p>\n\n\n\n<p>An alle M\u00e4nner, die auf diesen Blog sto\u00dfen: Ihr d\u00fcrft nat\u00fcrlich gerne weiterlesen! Nicht jeder Artikel dreht sich hier nur um die Problemchen von Frauen! Ihr seid ALLE herzlich willkommen. <br><br>Ich teile meine Gedanken und Erfahrungen zu den Themen Malen und Zeichnen, Organisation, Minimalismus, Fotografie, Reiki, positives Denken, das Leben organisieren und Yoga. Das alles verpackt mit ein bisschen Glitzer und Lebensfreude soll Dich dazu motivieren Dein Leben zu hinterfragen, Dir Ziele zu setzen und an diesen zu arbeiten, damit Du das Leben leben kannst, dass Du leben m\u00f6chtest!<\/p>\n\n\n\n<p>Du lernst:<\/p>\n\n\n\n<ul><li>Warum und wie positives Denken alles ver\u00e4ndern kann.<\/li><li>Dich anzunehmen und Dein Leben nach Deinen Wunschvorstellungen zu formen,<\/li><li>dass Du sensibel und zart sein kannst und ein Durchsetzen im Job ebenfalls m\u00f6glich ist.<\/li><li>Was Reiki ist und wie es Dich unterst\u00fctzen kann.<\/li><li>Deinen K\u00f6rper kennen, ihn zu akzeptieren und Dich wohlzuf\u00fchlen.<\/li><li>Dass eine Frau auf der einen Seite verletzlich sein darf und trotzdem andere besch\u00fctzen kann!<\/li><li>Warum Steine im Wasser nicht komisch sind.<\/li><li>Ein Urvertrauen in Dich und ein harmonisches Verh\u00e4ltnis zu Deinem K\u00f6rper aufzubauen.<\/li><\/ul>\n\n\n\n<p>Es geht also darum, wie Frauen es leichter haben eine Frau zu sein und so vieles mehr!<br>Wenn Du Ideen oder W\u00fcnsche f\u00fcr einen weiteren Artikel hast, schreib mir gern.<br><br>Ich w\u00fcnsche Dir ganz viel Spa\u00df beim St\u00f6bern!<\/p>\n\n\n\n<h3 class=\"has-text-align-center\">                                     Deine Lea<\/h3>\n\n\n\n<div class=\"wp-container-4 is-horizontal is-content-justification-center wp-block-buttons alignwide\">\n<div class=\"wp-block-button\"><a class=\"wp-block-button__link\" href=\"http:\/\/seelenlachen.com\/\">Hier kommst du zu den artikeln <\/a><\/div>\n<\/div>\n\n\n\n<p><\/p>\n","protected":false},"excerpt":{"rendered":"<p>\u201eDie wahre Lebenskunst besteht darin, im Allt\u00e4glichen das Wunderbare zu sehen.\u201c (Pearl S. Buck) Lebensfreude ohne Grenzen Alles \u00fcber lebensfreude, organisation, kreativit\u00e4t und den sinn des lebens Ver\u00e4nderung und Wachstum entstehen nur, durch harte Arbeit und den Willen nach der Ver\u00e4nderung. Um Ziele zu erreichen, sollten sie definiert sein. Meistens ist auch nicht schlecht einen [&hellip;]<\/p>\n","protected":false},"author":1,"featured_media":0,"parent":0,"menu_order":0,"comment_status":"closed","ping_status":"closed","template":"","meta":{"_genesis_hide_title":false,"_genesis_hide_breadcrumbs":true,"_genesis_hide_singular_image":true,"_genesis_hide_footer_widgets":false,"_genesis_custom_body_class":"","_genesis_custom_post_class":"","_genesis_layout":"full-width-content"},"yoast_head":"<!-- This site is optimized with the Yoast SEO plugin v16.1.1 - https:\/\/yoast.com\/wordpress\/plugins\/seo\/ -->\n<title>-\u00dcber Seelenlachen- Seelenlachen<\/title>\n<meta name=\"description\" content=\"ALLES \u00dcBER LEBENSFREUDE, ORGANISATION, KREATIVIT\u00c4T, UND DEN SINN DES LEBENS\" \/>\n<link rel=\"canonical\" href=\"https:\/\/seelenlachen.com\/?page_id=19\" \/>\n<meta property=\"og:locale\" content=\"de_DE\" \/>\n<meta property=\"og:type\" content=\"article\" \/>\n<meta property=\"og:title\" content=\"-\u00dcber Seelenlachen- Seelenlachen\" \/>\n<meta property=\"og:description\" content=\"ALLES \u00dcBER LEBENSFREUDE, ORGANISATION, KREATIVIT\u00c4T, UND DEN SINN DES LEBENS\" \/>\n<meta property=\"og:url\" content=\"https:\/\/seelenlachen.com\/?page_id=19\" \/>\n<meta property=\"og:site_name\" content=\"Seelenlachen\" \/>\n<meta property=\"article:modified_time\" content=\"2024-04-05T15:45:46+00:00\" \/>\n<meta property=\"og:image\" content=\"http:\/\/seelenlachen.com\/wp-content\/uploads\/2020\/12\/Bild_Lea_Blog-768x1024.jpg\" \/>\n<meta name=\"twitter:card\" content=\"summary_large_image\" \/>\n<meta name=\"twitter:label1\" content=\"Gesch\u00e4tzte Lesezeit\">\n\t<meta name=\"twitter:data1\" content=\"2\u00a0Minuten\">\n<script type=\"application\/ld+json\" class=\"yoast-schema-graph\">{\"@context\":\"https:\/\/schema.org\",\"@graph\":[{\"@type\":\"WebSite\",\"@id\":\"https:\/\/seelenlachen.com\/#website\",\"url\":\"https:\/\/seelenlachen.com\/\",\"name\":\"Seelenlachen\",\"description\":\"Lea&#039;s Blog\",\"potentialAction\":[{\"@type\":\"SearchAction\",\"target\":\"https:\/\/seelenlachen.com\/?s={search_term_string}\",\"query-input\":\"required name=search_term_string\"}],\"inLanguage\":\"de\"},{\"@type\":\"ImageObject\",\"@id\":\"https:\/\/seelenlachen.com\/?page_id=19#primaryimage\",\"inLanguage\":\"de\",\"url\":\"http:\/\/seelenlachen.com\/wp-content\/uploads\/2020\/12\/Bild_Lea_Blog-768x1024.jpg\",\"contentUrl\":\"http:\/\/seelenlachen.com\/wp-content\/uploads\/2020\/12\/Bild_Lea_Blog-768x1024.jpg\"},{\"@type\":\"WebPage\",\"@id\":\"https:\/\/seelenlachen.com\/?page_id=19#webpage\",\"url\":\"https:\/\/seelenlachen.com\/?page_id=19\",\"name\":\"-\\u00dcber Seelenlachen- Seelenlachen\",\"isPartOf\":{\"@id\":\"https:\/\/seelenlachen.com\/#website\"},\"primaryImageOfPage\":{\"@id\":\"https:\/\/seelenlachen.com\/?page_id=19#primaryimage\"},\"datePublished\":\"2020-12-02T16:53:31+00:00\",\"dateModified\":\"2024-04-05T15:45:46+00:00\",\"description\":\"ALLES \\u00dcBER LEBENSFREUDE, ORGANISATION, KREATIVIT\\u00c4T, UND DEN SINN DES LEBENS\",\"breadcrumb\":{\"@id\":\"https:\/\/seelenlachen.com\/?page_id=19#breadcrumb\"},\"inLanguage\":\"de\",\"potentialAction\":[{\"@type\":\"ReadAction\",\"target\":[\"https:\/\/seelenlachen.com\/?page_id=19\"]}]},{\"@type\":\"BreadcrumbList\",\"@id\":\"https:\/\/seelenlachen.com\/?page_id=19#breadcrumb\",\"itemListElement\":[{\"@type\":\"ListItem\",\"position\":1,\"item\":{\"@type\":\"WebPage\",\"@id\":\"https:\/\/seelenlachen.com\/\",\"url\":\"https:\/\/seelenlachen.com\/\",\"name\":\"Startseite\"}},{\"@type\":\"ListItem\",\"position\":2,\"item\":{\"@type\":\"WebPage\",\"@id\":\"https:\/\/seelenlachen.com\/?page_id=19\",\"url\":\"https:\/\/seelenlachen.com\/?page_id=19\",\"name\":\"-\\u00dcber Seelenlachen-\"}}]}]}<\/script>\n<!-- \/ Yoast SEO plugin. -->","featured_image_src":null,"featured_image_src_square":null,"_links":{"self":[{"href":"https:\/\/seelenlachen.com\/index.php?rest_route=\/wp\/v2\/pages\/19"}],"collection":[{"href":"https:\/\/seelenlachen.com\/index.php?rest_route=\/wp\/v2\/pages"}],"about":[{"href":"https:\/\/seelenlachen.com\/index.php?rest_route=\/wp\/v2\/types\/page"}],"author":[{"embeddable":true,"href":"https:\/\/seelenlachen.com\/index.php?rest_route=\/wp\/v2\/users\/1"}],"replies":[{"embeddable":true,"href":"https:\/\/seelenlachen.com\/index.php?rest_route=%2Fwp%2Fv2%2Fcomments&post=19"}],"version-history":[{"count":42,"href":"https:\/\/seelenlachen.com\/index.php?rest_route=\/wp\/v2\/pages\/19\/revisions"}],"predecessor-version":[{"id":978,"href":"https:\/\/seelenlachen.com\/index.php?rest_route=\/wp\/v2\/pages\/19\/revisions\/978"}],"wp:attachment":[{"href":"https:\/\/seelenlachen.com\/index.php?rest_route=%2Fwp%2Fv2%2Fmedia&parent=19"}],"curies":[{"name":"wp","href":"https:\/\/api.w.org\/{rel}","templated":true}]}}