{"id":796,"date":"2021-11-24T17:48:49","date_gmt":"2021-11-24T17:48:49","guid":{"rendered":"https:\/\/seelenlachen.com\/?page_id=796"},"modified":"2024-04-05T15:40:20","modified_gmt":"2024-04-05T15:40:20","slug":"reiki-und-entspannung-tornesch","status":"publish","type":"page","link":"https:\/\/seelenlachen.com\/?page_id=796","title":{"rendered":"-Reiki &#038; Geistheilung-"},"content":{"rendered":"\n<p class=\"has-text-align-center\">Du m\u00f6chtest entspannt und achtsam durch Deinen Alltag? Reiki kann Dich dabei unterst\u00fctzen. Ich helfe Dir dabei, mit mehr Leichtigkeit und Lebensfreude die H\u00fcrden Deines Lebens anzunehmen und zu \u00fcberwinden. <\/p>\n\n\n\n<p class=\"has-text-align-center\">Finde innere<strong> Ruhe, Wohlbefinden<\/strong> und <strong>energetische Ausgeglichenheit<\/strong>. Reikienergie kann Dich dabei unterst\u00fctzen Deine Themen zu bew\u00e4ltigen, es harmonisiert und st\u00e4rkt Dich.<\/p>\n\n\n\n<p class=\"has-text-align-center\">Die langj\u00e4hrige Eigenpraxis im Reiki hat mein Leben sehr ver\u00e4ndert. Nun m\u00f6chte ich diese wundervolle Energie weitergeben und Dich auf Deinem Weg unterst\u00fctzen. <\/p>\n\n\n\n<p class=\"has-text-align-center\">Ich biete Reikisitzungen und Coaching in Tornesch oder als Videocall an. <\/p>\n\n\n\n<p class=\"has-text-align-center\"><strong>Ich erkl\u00e4re Dir hier:<\/strong><br>&#8211; Was Reiki ist und wobei es Dich unterst\u00fctzen kann<br>&#8211; Wie eine Reikibehandlung aussieht <br>&#8211; Was ich anbiete <\/p>\n\n\n\n<h3 class=\"has-text-align-center\">Was ist Reiki?&nbsp;<\/h3>\n\n\n\n<p class=\"has-text-align-center\">Das Wort \u201eReiki\u201c bedeutet \u201euniverselle Lebensenergie\u201c. Damit ist die urspr\u00fcngliche, positive und sch\u00f6pferische Kraft gemeint, die in allem ist was existiert.<\/p>\n\n\n\n<p class=\"has-text-align-center\">Alles besteht aus Energie. So hat unser energetisches Umfeld einen Einfluss auf unsere Energie, wie wir unsere Umwelt wahrnehmen und wie wir uns f\u00fchlen.<\/p>\n\n\n<div class=\"wp-block-image\">\n<figure class=\"aligncenter size-full\"><img loading=\"lazy\" width=\"640\" height=\"435\" src=\"https:\/\/seelenlachen.com\/wp-content\/uploads\/2022\/09\/Reikihaende.jpg\" alt=\"\" class=\"wp-image-872\" srcset=\"https:\/\/seelenlachen.com\/wp-content\/uploads\/2022\/09\/Reikihaende.jpg 640w, https:\/\/seelenlachen.com\/wp-content\/uploads\/2022\/09\/Reikihaende-300x204.jpg 300w\" sizes=\"(max-width: 640px) 100vw, 640px\" \/><\/figure><\/div>\n\n\n<p class=\"has-text-align-center\">Reiki ist eine Heilkunst, in der die Energie durch Handauflegen von einer Person auf die andere \u00fcbertragen wird. Die Energie aktiviert die Selbstheilungskr\u00e4fte, wirkt harmonisierend, entspannend und kann eine \u00e4rztliche Behandlung unterst\u00fctzen. Es unterst\u00fctzt jegliche Heilmethoden, kann Schmerzen lindern, Blockaden l\u00f6sen und den Klienten von negativen Energien befreien. <strong>(Reiki-Behandlungen dienen als Unterst\u00fctzung und nicht als Ersatz einer medizinischen Behandlung.)<\/strong>\u00a0<\/p>\n\n\n\n<p class=\"has-text-align-center\">Reiki unterst\u00fctzt Dich, innere Ruhe zu finden. Du bist ausgeglichener und Dein Urvertrauen wird gest\u00e4rkt. Reiki ist nicht nur das Weitergeben von Energie, es ist eine Entscheidung f\u00fcr die Liebe und darauf zu vertrauen, Gutes zu tun und zu erhalten. Man spricht auch von einer Lebenseinstellung.<\/p>\n\n\n\n<h3 class=\"has-text-align-center\">Wie lange dauert eine Reikibehandlung?<\/h3>\n\n\n\n<p class=\"has-text-align-center\">Eine normale Ganzk\u00f6rper-Behandlung kann zwischen 30 Minuten und 60 Minuten andauern. Dies ist der Zeitraum f\u00fcr die Behandlung an sich. Neben dem Hand auflegen, ist immer ein Vor-und ein Nachgespr\u00e4ch Teil einer Reikibehandlung.&nbsp;<\/p>\n\n\n\n<h4 class=\"has-text-align-center\">Wie l\u00e4uft eine Reikibehandlung ab?<\/h4>\n\n\n\n<p class=\"has-text-align-center\">Nach dem Vorgespr\u00e4ch findet die Behandlung im Sitzen oder Liegen statt.&nbsp;<\/p>\n\n\n\n<p class=\"has-text-align-center\">Hierbei bekommt der Klient nach und nach Reiki am ganzen K\u00f6rper. Der zu Behandelnde kann die Position daf\u00fcr aussuchen. Das Wohlbefinden des Klienten steht hier an erster Stelle. Der Klient kann ebenfalls entscheiden, ob er w\u00e4hrend der Behandlung ber\u00fchrt werden m\u00f6chte oder nicht. Auch wenn die H\u00e4nde des Reikigebers sich ein paar Zentimeter \u00fcber dem K\u00f6rper des Klienten befinden, kann er die Energie annehmen.<\/p>\n\n\n\n<h4 class=\"has-text-align-center\">F\u00fcr wen ist eine Reikibehandlung sinnvoll?<\/h4>\n\n\n\n<p class=\"has-text-align-center\">Reiki f\u00f6rdert den geistigen und k\u00f6rperlichen Energiefluss. Das Ziel einer Reikibehandlung ist es, diesen Energiefluss wieder zu gew\u00e4hrleisten und anzuregen. Das L\u00f6sen von Blockaden und Spannungen auf k\u00f6rperlicher und mentaler Ebene kann in Kombination mit dem Vor- und Nachgespr\u00e4ch auch zur L\u00f6sung von Problemen beitragen.<\/p>\n\n\n<div class=\"wp-block-image\">\n<figure class=\"aligncenter size-full\"><img loading=\"lazy\" width=\"640\" height=\"959\" src=\"https:\/\/seelenlachen.com\/wp-content\/uploads\/2022\/09\/Reikibehandlung_anete-lusina-5240733.jpg\" alt=\"\" class=\"wp-image-876\" srcset=\"https:\/\/seelenlachen.com\/wp-content\/uploads\/2022\/09\/Reikibehandlung_anete-lusina-5240733.jpg 640w, https:\/\/seelenlachen.com\/wp-content\/uploads\/2022\/09\/Reikibehandlung_anete-lusina-5240733-200x300.jpg 200w\" sizes=\"(max-width: 640px) 100vw, 640px\" \/><\/figure><\/div>\n\n\n<h3 class=\"has-text-align-center\">Was biete ich an?<\/h3>\n\n\n\n<ul><li>Traditionelles Reiki nach Dr. Mikao Usui<\/li><li>Reiki Teil- und Ganzk\u00f6rperbehandlung<\/li><li>Chakrenausgleich, Reinigung und St\u00e4rkung&nbsp;&nbsp;<\/li><li>Besprechung und Beratung Deiner Themen, Aufl\u00f6sen der energetischen Blockaden zu diesem Thema<\/li><li>Aura-Reinigung<\/li><li>Heilstein Beratung<\/li><li>Besprechen von Warzen &amp; Rosen<\/li><li>Reiki-Seminare (Grad 1, Grad 2 &amp; Meistergrad) <\/li><\/ul>\n\n\n\n<div class=\"wp-block-media-text alignfull is-stacked-on-mobile is-vertically-aligned-center\"><figure class=\"wp-block-media-text__media\"><img loading=\"lazy\" width=\"200\" height=\"300\" src=\"https:\/\/seelenlachen.com\/wp-content\/uploads\/2022\/09\/pexels-ekaterina-bolovtsova-6766514-200x300.jpg\" alt=\"\" class=\"wp-image-859 size-medium\" srcset=\"https:\/\/seelenlachen.com\/wp-content\/uploads\/2022\/09\/pexels-ekaterina-bolovtsova-6766514-200x300.jpg 200w, https:\/\/seelenlachen.com\/wp-content\/uploads\/2022\/09\/pexels-ekaterina-bolovtsova-6766514.jpg 640w\" sizes=\"(max-width: 200px) 100vw, 200px\" \/><\/figure><div class=\"wp-block-media-text__content\">\n<h6>Hast Du Fragen? Schreib mir eine Mail und wir vereinbaren ein Telefonat. <\/h6>\n\n\n\n<h6> lea@seelenlachen.com<\/h6>\n<\/div><\/div>\n\n\n\n<h4 class=\"has-text-align-center\">Wie viel kostet eine Behandlung mit Reiki?&nbsp;<\/h4>\n\n\n\n<p class=\"has-text-align-center\">Der Preis ist an die Behandlungsdauer angepasst. Preis- und Terminanfragen beantworte ich gerne und schnellstm\u00f6glich, wenn Du mir an diese Adresse schreibst: lea@seelenlachen.com&nbsp;<\/p>\n\n\n\n<h3 class=\"has-text-align-center\">Preise:<\/h3>\n\n\n\n<p class=\"has-text-align-center\">Die Preise sind an die Behandlungsdauer angepasst. <\/p>\n\n\n\n<p class=\"has-text-align-center\">60 Minuten = 60 Euro <\/p>\n\n\n\n<p class=\"has-text-align-center\">Du bezahlst nach der Behandlung. Sollten die 60 Minuten \u00fcberschritten werden, besprechen wir vorher den Aufpreis f\u00fcr die zus\u00e4tzliche Zeit. <\/p>\n\n\n\n<p class=\"has-text-align-center\">Ich freue mich Dich kennenzulernen!<\/p>\n\n\n\n<p>&nbsp;<\/p>\n","protected":false},"excerpt":{"rendered":"<p>Du m\u00f6chtest entspannt und achtsam durch Deinen Alltag? Reiki kann Dich dabei unterst\u00fctzen. Ich helfe Dir dabei, mit mehr Leichtigkeit und Lebensfreude die H\u00fcrden Deines Lebens anzunehmen und zu \u00fcberwinden. Finde innere Ruhe, Wohlbefinden und energetische Ausgeglichenheit. Reikienergie kann Dich dabei unterst\u00fctzen Deine Themen zu bew\u00e4ltigen, es harmonisiert und st\u00e4rkt Dich. Die langj\u00e4hrige Eigenpraxis im [&hellip;]<\/p>\n","protected":false},"author":3,"featured_media":834,"parent":0,"menu_order":0,"comment_status":"open","ping_status":"closed","template":"","meta":{"_genesis_hide_title":false,"_genesis_hide_breadcrumbs":false,"_genesis_hide_singular_image":false,"_genesis_hide_footer_widgets":false,"_genesis_custom_body_class":"","_genesis_custom_post_class":"","_genesis_layout":""},"yoast_head":"<!-- This site is optimized with the Yoast SEO plugin v16.1.1 - https:\/\/yoast.com\/wordpress\/plugins\/seo\/ -->\n<title>Reiki in Tornesch - Seelenlachen -Reiki &amp; Geistheilung-<\/title>\n<meta name=\"description\" content=\"Finde innere Ruhe und energetische Ausgeglichenheit. Reiki kann helfen Deine Themen zu bew\u00e4ltigen, harmonisiert und st\u00e4rkt Dich.\" \/>\n<link rel=\"canonical\" href=\"https:\/\/seelenlachen.com\/?page_id=796\" \/>\n<meta property=\"og:locale\" content=\"de_DE\" \/>\n<meta property=\"og:type\" content=\"article\" \/>\n<meta property=\"og:title\" content=\"Reiki in Tornesch - Seelenlachen -Reiki &amp; Geistheilung-\" \/>\n<meta property=\"og:description\" content=\"Finde innere Ruhe und energetische Ausgeglichenheit. Reiki kann helfen Deine Themen zu bew\u00e4ltigen, harmonisiert und st\u00e4rkt Dich.\" \/>\n<meta property=\"og:url\" content=\"https:\/\/seelenlachen.com\/?page_id=796\" \/>\n<meta property=\"og:site_name\" content=\"Seelenlachen\" \/>\n<meta property=\"article:modified_time\" content=\"2024-04-05T15:40:20+00:00\" \/>\n<meta property=\"og:image\" content=\"https:\/\/seelenlachen.com\/wp-content\/uploads\/2021\/04\/Reiki-rainer-eck.jpg\" \/>\n\t<meta property=\"og:image:width\" content=\"1200\" \/>\n\t<meta property=\"og:image:height\" content=\"800\" \/>\n<meta name=\"twitter:card\" content=\"summary_large_image\" \/>\n<meta name=\"twitter:label1\" content=\"Gesch\u00e4tzte Lesezeit\">\n\t<meta name=\"twitter:data1\" content=\"4\u00a0Minuten\">\n<script type=\"application\/ld+json\" class=\"yoast-schema-graph\">{\"@context\":\"https:\/\/schema.org\",\"@graph\":[{\"@type\":\"WebSite\",\"@id\":\"https:\/\/seelenlachen.com\/#website\",\"url\":\"https:\/\/seelenlachen.com\/\",\"name\":\"Seelenlachen\",\"description\":\"Lea&#039;s Blog\",\"potentialAction\":[{\"@type\":\"SearchAction\",\"target\":\"https:\/\/seelenlachen.com\/?s={search_term_string}\",\"query-input\":\"required name=search_term_string\"}],\"inLanguage\":\"de\"},{\"@type\":\"ImageObject\",\"@id\":\"https:\/\/seelenlachen.com\/?page_id=796#primaryimage\",\"inLanguage\":\"de\",\"url\":\"https:\/\/seelenlachen.com\/wp-content\/uploads\/2021\/04\/Reiki-rainer-eck.jpg\",\"contentUrl\":\"https:\/\/seelenlachen.com\/wp-content\/uploads\/2021\/04\/Reiki-rainer-eck.jpg\",\"width\":1200,\"height\":800,\"caption\":\"Reiki\"},{\"@type\":\"WebPage\",\"@id\":\"https:\/\/seelenlachen.com\/?page_id=796#webpage\",\"url\":\"https:\/\/seelenlachen.com\/?page_id=796\",\"name\":\"Reiki in Tornesch - Seelenlachen -Reiki & Geistheilung-\",\"isPartOf\":{\"@id\":\"https:\/\/seelenlachen.com\/#website\"},\"primaryImageOfPage\":{\"@id\":\"https:\/\/seelenlachen.com\/?page_id=796#primaryimage\"},\"datePublished\":\"2021-11-24T17:48:49+00:00\",\"dateModified\":\"2024-04-05T15:40:20+00:00\",\"description\":\"Finde innere Ruhe und energetische Ausgeglichenheit. Reiki kann helfen Deine Themen zu bew\\u00e4ltigen, harmonisiert und st\\u00e4rkt Dich.\",\"breadcrumb\":{\"@id\":\"https:\/\/seelenlachen.com\/?page_id=796#breadcrumb\"},\"inLanguage\":\"de\",\"potentialAction\":[{\"@type\":\"ReadAction\",\"target\":[\"https:\/\/seelenlachen.com\/?page_id=796\"]}]},{\"@type\":\"BreadcrumbList\",\"@id\":\"https:\/\/seelenlachen.com\/?page_id=796#breadcrumb\",\"itemListElement\":[{\"@type\":\"ListItem\",\"position\":1,\"item\":{\"@type\":\"WebPage\",\"@id\":\"https:\/\/seelenlachen.com\/\",\"url\":\"https:\/\/seelenlachen.com\/\",\"name\":\"Startseite\"}},{\"@type\":\"ListItem\",\"position\":2,\"item\":{\"@type\":\"WebPage\",\"@id\":\"https:\/\/seelenlachen.com\/?page_id=796\",\"url\":\"https:\/\/seelenlachen.com\/?page_id=796\",\"name\":\"-Reiki &#038; Geistheilung-\"}}]}]}<\/script>\n<!-- \/ Yoast SEO plugin. -->","featured_image_src":"https:\/\/seelenlachen.com\/wp-content\/uploads\/2021\/04\/Reiki-rainer-eck-600x400.jpg","featured_image_src_square":"https:\/\/seelenlachen.com\/wp-content\/uploads\/2021\/04\/Reiki-rainer-eck-600x600.jpg","_links":{"self":[{"href":"https:\/\/seelenlachen.com\/index.php?rest_route=\/wp\/v2\/pages\/796"}],"collection":[{"href":"https:\/\/seelenlachen.com\/index.php?rest_route=\/wp\/v2\/pages"}],"about":[{"href":"https:\/\/seelenlachen.com\/index.php?rest_route=\/wp\/v2\/types\/page"}],"author":[{"embeddable":true,"href":"https:\/\/seelenlachen.com\/index.php?rest_route=\/wp\/v2\/users\/3"}],"replies":[{"embeddable":true,"href":"https:\/\/seelenlachen.com\/index.php?rest_route=%2Fwp%2Fv2%2Fcomments&post=796"}],"version-history":[{"count":49,"href":"https:\/\/seelenlachen.com\/index.php?rest_route=\/wp\/v2\/pages\/796\/revisions"}],"predecessor-version":[{"id":974,"href":"https:\/\/seelenlachen.com\/index.php?rest_route=\/wp\/v2\/pages\/796\/revisions\/974"}],"wp:featuredmedia":[{"embeddable":true,"href":"https:\/\/seelenlachen.com\/index.php?rest_route=\/wp\/v2\/media\/834"}],"wp:attachment":[{"href":"https:\/\/seelenlachen.com\/index.php?rest_route=%2Fwp%2Fv2%2Fmedia&parent=796"}],"curies":[{"name":"wp","href":"https:\/\/api.w.org\/{rel}","templated":true}]}}