{"id":887,"date":"2022-09-12T15:55:46","date_gmt":"2022-09-12T15:55:46","guid":{"rendered":"https:\/\/seelenlachen.com\/?page_id=887"},"modified":"2024-04-05T15:44:06","modified_gmt":"2024-04-05T15:44:06","slug":"reiki-seminare","status":"publish","type":"page","link":"https:\/\/seelenlachen.com\/?page_id=887","title":{"rendered":"-Reiki Seminare-"},"content":{"rendered":"\n<p class=\"has-text-align-center\">Als Reiki Meisterin und Ausbilderin im Usui Reiki Shiki Ryoho bilde ich alle Reikigrade, in meinen Reiki-Seminaren aus. <\/p>\n\n\n\n<p class=\"has-text-align-center\">Du m\u00f6chtest Dir selbst im Alltag und wann immer Du es brauchst Reikienergie geben k\u00f6nnen? Ich helfe Dir dabei, mit mehr <strong>Leichtigkeit<\/strong> und <strong>Lebensfreude<\/strong> die H\u00fcrden Deines Lebens anzunehmen und zu \u00fcberwinden.\u00a0Komm einfach in mein Seminar.<\/p>\n\n\n\n<p class=\"has-text-align-center\">Du m\u00f6chtest ausgeglichener und entspannter im Alltag sein? Reiki wirkt sich positiv auf emotionaler, mentaler und k\u00f6rperlicher Ebene aus. Zus\u00e4tzlich aktiviert sie Deine k\u00f6rpereigenen Selbstheilungskr\u00e4fte. Mit der Reikienergie wirst Du in der Lage sein, <strong>seelische Blockaden<\/strong> zu <strong>l\u00f6sen<\/strong> sowie Dich energetisch zu harmonisieren. <\/p>\n\n\n\n<p class=\"has-text-align-center\"><strong>Hier erf\u00e4hrst Du:<\/strong><br>\u2013 Was Du in den einzelnen Reikiseminaren lernst  <br>\u2013  Ort und Preise<br>\u2013 Seminar-Termine<\/p>\n\n\n\n<figure class=\"wp-block-image size-large\"><img loading=\"lazy\" width=\"1024\" height=\"683\" src=\"http:\/\/seelenlachen.com\/wp-content\/uploads\/2022\/08\/pexels-jamie-saw-10029654-1024x683.jpg\" alt=\"Reiki-Seminare\" class=\"wp-image-828\" srcset=\"https:\/\/seelenlachen.com\/wp-content\/uploads\/2022\/08\/pexels-jamie-saw-10029654-1024x683.jpg 1024w, https:\/\/seelenlachen.com\/wp-content\/uploads\/2022\/08\/pexels-jamie-saw-10029654-300x200.jpg 300w, https:\/\/seelenlachen.com\/wp-content\/uploads\/2022\/08\/pexels-jamie-saw-10029654-768x512.jpg 768w, https:\/\/seelenlachen.com\/wp-content\/uploads\/2022\/08\/pexels-jamie-saw-10029654-1536x1024.jpg 1536w, https:\/\/seelenlachen.com\/wp-content\/uploads\/2022\/08\/pexels-jamie-saw-10029654-2048x1365.jpg 2048w, https:\/\/seelenlachen.com\/wp-content\/uploads\/2022\/08\/pexels-jamie-saw-10029654-600x400.jpg 600w\" sizes=\"(max-width: 1024px) 100vw, 1024px\" \/><\/figure>\n\n\n\n<p><\/p>\n\n\n\n<h2 class=\"has-text-align-center\">Reiki 1 &#8211; Seminar <\/h2>\n\n\n\n<p class=\"has-text-align-center\">Die Einweihung findet w\u00e4hrend zwei aufeinanderfolgender Seminartage statt. Im Seminar lernst du Folgendes: <\/p>\n\n\n\n<ul><li>Aktivierung der Reikienergie w\u00e4hrend der dazugeh\u00f6rigen Rituale <\/li><li>die Geschichte des Reiki <\/li><li>die 5 Lebensweisheiten<\/li><li>die Handpositionen zur Selbst- und Fremdbehandlung <\/li><li>Ablauf einer Teil- und Ganzk\u00f6rperbehandlung (Selbst- und Fremdbehandlung)<\/li><li>die Chakren-Lehre <\/li><li>die Wirkungsweise und die Grenzen von Reiki<\/li><\/ul>\n\n\n\n<p class=\"has-text-align-center\">Zus\u00e4tzlich erh\u00e4lt Du zum Ende des Seminars ein Zertifikat \u00fcber die Reikiseminar Inhalte.<\/p>\n\n\n\n<p class=\"has-text-align-center\"> <\/p>\n\n\n\n<h2 class=\"has-text-align-center\">Reiki 2 &#8211; Seminar <\/h2>\n\n\n\n<p class=\"has-text-align-center\">Die Einweihung findet w\u00e4hrend zwei aufeinanderfolgender Seminartage statt. <\/p>\n\n\n\n<p class=\"has-text-align-center\">In diesem Reiki-Seminar lernst Du mithilfe von Symbolen, Deine Reikienergie zu verst\u00e4rken und \u00fcber Distanz zu versenden. <\/p>\n\n\n\n<p class=\"has-text-align-center\">Das Seminar hat folgende Inhalte: <\/p>\n\n\n\n<ul><li>Symbole zur Verst\u00e4rkung deiner Energie, Energieausgleich und zur Fernbehandlung<\/li><li>Raumreinigung mithilfe von Reiki und den Symbolen<\/li><li>Ritual zur Mentalheilung, um ungewollte Denk- und Verhaltensmuster aufzul\u00f6sen<\/li><li>Ablauf einer Fernbehandlung <\/li><li>Reikie-Energiespeicher erstellen und versenden<\/li><\/ul>\n\n\n\n<p class=\"has-text-align-center\">Zus\u00e4tzlich erh\u00e4lt Du zum Ende des Seminars ein Zertifikat \u00fcber die Reikiseminar Inhalte.<\/p>\n\n\n\n<p><\/p>\n\n\n\n<h2 class=\"has-text-align-center\">Reiki 3 Meister &#8211; Seminar <\/h2>\n\n\n\n<p class=\"has-text-align-center\">Die Einweihung findet w\u00e4hrend zwei aufeinanderfolgender Seminartage statt. <\/p>\n\n\n\n<p class=\"has-text-align-center\">Im Meister oder auch Lehrergrad lernst Du die Methoden und Rituale um selbst Einweihungen zu geben und Anderen Reiki zu lehren.<\/p>\n\n\n\n<p class=\"has-text-align-center\">Das Seminar hat folgende Inhalte: <\/p>\n\n\n\n<ul><li>Einweihung in den Meistergrad<\/li><li>das Meistersymbol und seine Anwendungsgebiete<\/li><li>die Einweihungsrituale f\u00fcr die Grade 1-3 <\/li><li>Aufbau von Seminaren <\/li><\/ul>\n\n\n\n<p class=\"has-text-align-center\">Wenn Du den Meistergrad bei mir lernst, wirst Du ein Jahr von mir betreut. In dieser Zeit begleitest Du mich bei meinen Seminaren. So kannst Du Dir Methoden f\u00fcr eigene Seminare aneignen und mir nat\u00fcrlich ganz viele Fragen stellen. <\/p>\n\n\n\n<figure class=\"wp-block-image size-large\"><img loading=\"lazy\" width=\"1024\" height=\"683\" src=\"http:\/\/seelenlachen.com\/wp-content\/uploads\/2021\/06\/pexels-alexandro-david-1835016_Photo-by-Alexandro-David-from-Pexels-1024x683.jpg\" alt=\"Reiki-Seminar\" class=\"wp-image-753\" srcset=\"https:\/\/seelenlachen.com\/wp-content\/uploads\/2021\/06\/pexels-alexandro-david-1835016_Photo-by-Alexandro-David-from-Pexels-1024x683.jpg 1024w, https:\/\/seelenlachen.com\/wp-content\/uploads\/2021\/06\/pexels-alexandro-david-1835016_Photo-by-Alexandro-David-from-Pexels-300x200.jpg 300w, https:\/\/seelenlachen.com\/wp-content\/uploads\/2021\/06\/pexels-alexandro-david-1835016_Photo-by-Alexandro-David-from-Pexels-768x512.jpg 768w, https:\/\/seelenlachen.com\/wp-content\/uploads\/2021\/06\/pexels-alexandro-david-1835016_Photo-by-Alexandro-David-from-Pexels-1536x1024.jpg 1536w, https:\/\/seelenlachen.com\/wp-content\/uploads\/2021\/06\/pexels-alexandro-david-1835016_Photo-by-Alexandro-David-from-Pexels-600x400.jpg 600w, https:\/\/seelenlachen.com\/wp-content\/uploads\/2021\/06\/pexels-alexandro-david-1835016_Photo-by-Alexandro-David-from-Pexels.jpg 1920w\" sizes=\"(max-width: 1024px) 100vw, 1024px\" \/><\/figure>\n\n\n\n<h2 class=\"has-text-align-center\">Ort und Preise <\/h2>\n\n\n\n<p class=\"has-text-align-center\">Die Seminare finden in Tornesch statt. Mit der Buchungsbest\u00e4tigung erh\u00e4lt Du die genaue Adresse und eine Wegbeschreibung.<\/p>\n\n\n\n<p class=\"has-text-align-center\">&#8211; 1. Grad: 300 \u20ac <br>&#8211; 2. Grad: 450 \u20ac<br>&#8211; 3. Grad: 700 \u20ac<\/p>\n\n\n\n<p><\/p>\n\n\n\n<h2 class=\"has-text-align-center\">Seminar Termine <\/h2>\n\n\n\n<p class=\"has-text-align-center\">Du kannst es garnicht abwarten endlich selbst Reiki geben zu k\u00f6nnen? Oder Du hast bereits eine oder mehrere Reikigrade, m\u00f6chtest Dein Wissen aber etwas  auffrischen?<br>Hier siehst Du meine aktuellen Termine f\u00fcr die verschiedenen Grade. <\/p>\n\n\n\n<p class=\"has-text-align-center\">Aktuell gebe ich Seminare mit ca. 3-5 Teilnehmern.<\/p>\n\n\n\n<figure class=\"wp-block-image size-large\"><img loading=\"lazy\" width=\"683\" height=\"1024\" src=\"http:\/\/seelenlachen.com\/wp-content\/uploads\/2022\/08\/pexels-arina-krasnikova-6998275-683x1024.jpg\" alt=\"Reiki-Seminar\" class=\"wp-image-825\" srcset=\"https:\/\/seelenlachen.com\/wp-content\/uploads\/2022\/08\/pexels-arina-krasnikova-6998275-683x1024.jpg 683w, https:\/\/seelenlachen.com\/wp-content\/uploads\/2022\/08\/pexels-arina-krasnikova-6998275-200x300.jpg 200w, https:\/\/seelenlachen.com\/wp-content\/uploads\/2022\/08\/pexels-arina-krasnikova-6998275-768x1151.jpg 768w, https:\/\/seelenlachen.com\/wp-content\/uploads\/2022\/08\/pexels-arina-krasnikova-6998275-1025x1536.jpg 1025w, https:\/\/seelenlachen.com\/wp-content\/uploads\/2022\/08\/pexels-arina-krasnikova-6998275-1367x2048.jpg 1367w, https:\/\/seelenlachen.com\/wp-content\/uploads\/2022\/08\/pexels-arina-krasnikova-6998275-scaled.jpg 1709w\" sizes=\"(max-width: 683px) 100vw, 683px\" \/><\/figure>\n\n\n\n<p><\/p>\n\n\n\n<h5 class=\"has-text-align-center\">Reiki 1 Seminar <\/h5>\n\n\n\n<p class=\"has-text-align-center\">08. &amp; 09. Juni (noch 4 Pl\u00e4tze frei) <\/p>\n\n\n\n<h5 class=\"has-text-align-center\">Reiki 2 Seminar<\/h5>\n\n\n\n<p class=\"has-text-align-center\">06. &amp; 07. Juli (noch 5 Pl\u00e4tze frei)<\/p>\n\n\n\n<p class=\"has-text-align-center\">Es ist kein passender Termin dabei? Oder Du hast bereits jemanden, mit dem Du einen Kurs machen m\u00f6chtest? Dann schreib mir eine Email an: lea@seelenlachen.com und wir finden zusammen einen Termin f\u00fcr Dich! <\/p>\n\n\n\n<p class=\"has-text-align-center\">Ich freue mich, Dich auf diesem Weg zu Begleiten! <\/p>\n","protected":false},"excerpt":{"rendered":"<p>Als Reiki Meisterin und Ausbilderin im Usui Reiki Shiki Ryoho bilde ich alle Reikigrade, in meinen Reiki-Seminaren aus. Du m\u00f6chtest Dir selbst im Alltag und wann immer Du es brauchst Reikienergie geben k\u00f6nnen? Ich helfe Dir dabei, mit mehr Leichtigkeit und Lebensfreude die H\u00fcrden Deines Lebens anzunehmen und zu \u00fcberwinden.\u00a0Komm einfach in mein Seminar. Du [&hellip;]<\/p>\n","protected":false},"author":3,"featured_media":872,"parent":0,"menu_order":0,"comment_status":"closed","ping_status":"closed","template":"","meta":{"_genesis_hide_title":false,"_genesis_hide_breadcrumbs":false,"_genesis_hide_singular_image":false,"_genesis_hide_footer_widgets":false,"_genesis_custom_body_class":"","_genesis_custom_post_class":"","_genesis_layout":""},"yoast_head":"<!-- This site is optimized with the Yoast SEO plugin v16.1.1 - https:\/\/yoast.com\/wordpress\/plugins\/seo\/ -->\n<title>-Reiki Seminare- Tornesch - Seelenlachen -Reiki Seminare-<\/title>\n<meta name=\"description\" content=\"Reiki Seminare in Tornesch. Bei mir kannst du die Reiki Grade 1-3 lernen und so Dich und Andere mit dieser Energie zu harmonisieren.\" \/>\n<link rel=\"canonical\" href=\"https:\/\/seelenlachen.com\/?page_id=887\" \/>\n<meta property=\"og:locale\" content=\"de_DE\" \/>\n<meta property=\"og:type\" content=\"article\" \/>\n<meta property=\"og:title\" content=\"-Reiki Seminare- Tornesch - Seelenlachen -Reiki Seminare-\" \/>\n<meta property=\"og:description\" content=\"Reiki Seminare in Tornesch. Bei mir kannst du die Reiki Grade 1-3 lernen und so Dich und Andere mit dieser Energie zu harmonisieren.\" \/>\n<meta property=\"og:url\" content=\"https:\/\/seelenlachen.com\/?page_id=887\" \/>\n<meta property=\"og:site_name\" content=\"Seelenlachen\" \/>\n<meta property=\"article:modified_time\" content=\"2024-04-05T15:44:06+00:00\" \/>\n<meta property=\"og:image\" content=\"https:\/\/seelenlachen.com\/wp-content\/uploads\/2022\/09\/Reikihaende.jpg\" \/>\n\t<meta property=\"og:image:width\" content=\"640\" \/>\n\t<meta property=\"og:image:height\" content=\"435\" \/>\n<meta name=\"twitter:card\" content=\"summary_large_image\" \/>\n<meta name=\"twitter:label1\" content=\"Gesch\u00e4tzte Lesezeit\">\n\t<meta name=\"twitter:data1\" content=\"3\u00a0Minuten\">\n<script type=\"application\/ld+json\" class=\"yoast-schema-graph\">{\"@context\":\"https:\/\/schema.org\",\"@graph\":[{\"@type\":\"WebSite\",\"@id\":\"https:\/\/seelenlachen.com\/#website\",\"url\":\"https:\/\/seelenlachen.com\/\",\"name\":\"Seelenlachen\",\"description\":\"Lea&#039;s Blog\",\"potentialAction\":[{\"@type\":\"SearchAction\",\"target\":\"https:\/\/seelenlachen.com\/?s={search_term_string}\",\"query-input\":\"required name=search_term_string\"}],\"inLanguage\":\"de\"},{\"@type\":\"ImageObject\",\"@id\":\"https:\/\/seelenlachen.com\/?page_id=887#primaryimage\",\"inLanguage\":\"de\",\"url\":\"https:\/\/seelenlachen.com\/wp-content\/uploads\/2022\/09\/Reikihaende.jpg\",\"contentUrl\":\"https:\/\/seelenlachen.com\/wp-content\/uploads\/2022\/09\/Reikihaende.jpg\",\"width\":640,\"height\":435,\"caption\":\"Reiki in Tornesch\"},{\"@type\":\"WebPage\",\"@id\":\"https:\/\/seelenlachen.com\/?page_id=887#webpage\",\"url\":\"https:\/\/seelenlachen.com\/?page_id=887\",\"name\":\"-Reiki Seminare- Tornesch - Seelenlachen -Reiki Seminare-\",\"isPartOf\":{\"@id\":\"https:\/\/seelenlachen.com\/#website\"},\"primaryImageOfPage\":{\"@id\":\"https:\/\/seelenlachen.com\/?page_id=887#primaryimage\"},\"datePublished\":\"2022-09-12T15:55:46+00:00\",\"dateModified\":\"2024-04-05T15:44:06+00:00\",\"description\":\"Reiki Seminare in Tornesch. Bei mir kannst du die Reiki Grade 1-3 lernen und so Dich und Andere mit dieser Energie zu harmonisieren.\",\"breadcrumb\":{\"@id\":\"https:\/\/seelenlachen.com\/?page_id=887#breadcrumb\"},\"inLanguage\":\"de\",\"potentialAction\":[{\"@type\":\"ReadAction\",\"target\":[\"https:\/\/seelenlachen.com\/?page_id=887\"]}]},{\"@type\":\"BreadcrumbList\",\"@id\":\"https:\/\/seelenlachen.com\/?page_id=887#breadcrumb\",\"itemListElement\":[{\"@type\":\"ListItem\",\"position\":1,\"item\":{\"@type\":\"WebPage\",\"@id\":\"https:\/\/seelenlachen.com\/\",\"url\":\"https:\/\/seelenlachen.com\/\",\"name\":\"Startseite\"}},{\"@type\":\"ListItem\",\"position\":2,\"item\":{\"@type\":\"WebPage\",\"@id\":\"https:\/\/seelenlachen.com\/?page_id=887\",\"url\":\"https:\/\/seelenlachen.com\/?page_id=887\",\"name\":\"-Reiki Seminare-\"}}]}]}<\/script>\n<!-- \/ Yoast SEO plugin. -->","featured_image_src":"https:\/\/seelenlachen.com\/wp-content\/uploads\/2022\/09\/Reikihaende-600x400.jpg","featured_image_src_square":"https:\/\/seelenlachen.com\/wp-content\/uploads\/2022\/09\/Reikihaende-600x435.jpg","_links":{"self":[{"href":"https:\/\/seelenlachen.com\/index.php?rest_route=\/wp\/v2\/pages\/887"}],"collection":[{"href":"https:\/\/seelenlachen.com\/index.php?rest_route=\/wp\/v2\/pages"}],"about":[{"href":"https:\/\/seelenlachen.com\/index.php?rest_route=\/wp\/v2\/types\/page"}],"author":[{"embeddable":true,"href":"https:\/\/seelenlachen.com\/index.php?rest_route=\/wp\/v2\/users\/3"}],"replies":[{"embeddable":true,"href":"https:\/\/seelenlachen.com\/index.php?rest_route=%2Fwp%2Fv2%2Fcomments&post=887"}],"version-history":[{"count":20,"href":"https:\/\/seelenlachen.com\/index.php?rest_route=\/wp\/v2\/pages\/887\/revisions"}],"predecessor-version":[{"id":977,"href":"https:\/\/seelenlachen.com\/index.php?rest_route=\/wp\/v2\/pages\/887\/revisions\/977"}],"wp:featuredmedia":[{"embeddable":true,"href":"https:\/\/seelenlachen.com\/index.php?rest_route=\/wp\/v2\/media\/872"}],"wp:attachment":[{"href":"https:\/\/seelenlachen.com\/index.php?rest_route=%2Fwp%2Fv2%2Fmedia&parent=887"}],"curies":[{"name":"wp","href":"https:\/\/api.w.org\/{rel}","templated":true}]}}